{"id":51,"date":"2022-01-10T16:04:28","date_gmt":"2022-01-10T20:04:28","guid":{"rendered":"https:\/\/anickfortin.com\/?page_id=51"},"modified":"2022-02-02T10:51:59","modified_gmt":"2022-02-02T14:51:59","slug":"biographie","status":"publish","type":"page","link":"https:\/\/anickfortin.com\/?page_id=51","title":{"rendered":"Biographie"},"content":{"rendered":"\t\t<div data-elementor-type=\"wp-page\" data-elementor-id=\"51\" class=\"elementor elementor-51\" data-elementor-settings=\"[]\">\n\t\t\t\t\t\t\t<div class=\"elementor-section-wrap\">\n\t\t\t\t\t\t\t<section class=\"elementor-section elementor-top-section elementor-element elementor-element-4f6ac05 elementor-section-boxed elementor-section-height-default elementor-section-height-default\" data-id=\"4f6ac05\" data-element_type=\"section\">\n\t\t\t\t\t\t<div class=\"elementor-container elementor-column-gap-default\">\n\t\t\t\t\t<div class=\"elementor-column elementor-col-33 elementor-top-column elementor-element elementor-element-dfcfdd0\" data-id=\"dfcfdd0\" data-element_type=\"column\">\n\t\t\t<div class=\"elementor-widget-wrap elementor-element-populated\">\n\t\t\t\t\t\t\t\t<div class=\"elementor-element elementor-element-7b157d2 elementor-widget elementor-widget-image\" data-id=\"7b157d2\" data-element_type=\"widget\" data-widget_type=\"image.default\">\n\t\t\t\t<div class=\"elementor-widget-container\">\n\t\t\t\t\t\t\t\t\t\t\t\t\t\t\t<img decoding=\"async\" src=\"https:\/\/anickfortin.com\/wp-content\/uploads\/elementor\/thumbs\/anick-pitj1an6cqtfb22sodw8dsnr34j7jzj65se5lnb0rk.jpg\" title=\"anick\" alt=\"anick\" \/>\t\t\t\t\t\t\t\t\t\t\t\t\t\t\t<\/div>\n\t\t\t\t<\/div>\n\t\t\t\t\t<\/div>\n\t\t<\/div>\n\t\t\t\t<div class=\"elementor-column elementor-col-66 elementor-top-column elementor-element elementor-element-34bb674\" data-id=\"34bb674\" data-element_type=\"column\">\n\t\t\t<div class=\"elementor-widget-wrap elementor-element-populated\">\n\t\t\t\t\t\t\t\t<div class=\"elementor-element elementor-element-4c9f0f2 elementor-widget elementor-widget-heading\" data-id=\"4c9f0f2\" data-element_type=\"widget\" data-widget_type=\"heading.default\">\n\t\t\t\t<div class=\"elementor-widget-container\">\n\t\t\t<h2 class=\"elementor-heading-title elementor-size-default\"><h1 dir=\"ltr\" style=\"line-height:1.2;margin-top:0pt;margin-bottom:0pt;\"><span style=\"font-size: 34pt; font-family: Lato; color: rgb(93, 130, 201); background-color: transparent; font-weight: 300; font-variant-numeric: normal; font-variant-east-asian: normal; vertical-align: baseline;\">Figer les mots dans le temps et dans les esprits<\/span><\/h1><\/h2>\t\t<\/div>\n\t\t\t\t<\/div>\n\t\t\t\t<div class=\"elementor-element elementor-element-3037f82 elementor-widget elementor-widget-text-editor\" data-id=\"3037f82\" data-element_type=\"widget\" data-widget_type=\"text-editor.default\">\n\t\t\t\t<div class=\"elementor-widget-container\">\n\t\t\t\t\t\t\t<p dir=\"ltr\">Avant m\u00eame la premi\u00e8re ann\u00e9e du primaire, les mots rev\u00eataient une importance capitale pour l&#8217;\u00e9crivaine en devenir. Il fallait pouvoir \u00e9crire toutes ces id\u00e9es qui prenaient naissance dans son esprit puisque la m\u00e9moire \u00e0 elle seule ne suffisait pas \u00e0 figer les mots qui, autrement, finiraient par s&#8217;\u00e9vaporer.\u00a0<\/p>\t\t\t\t\t\t<\/div>\n\t\t\t\t<\/div>\n\t\t\t\t\t<\/div>\n\t\t<\/div>\n\t\t\t\t\t\t\t<\/div>\n\t\t<\/section>\n\t\t\t\t<section class=\"elementor-section elementor-top-section elementor-element elementor-element-8acae3e elementor-section-boxed elementor-section-height-default elementor-section-height-default\" data-id=\"8acae3e\" data-element_type=\"section\">\n\t\t\t\t\t\t<div class=\"elementor-container elementor-column-gap-default\">\n\t\t\t\t\t<div class=\"elementor-column elementor-col-100 elementor-top-column elementor-element elementor-element-139b2d5\" data-id=\"139b2d5\" data-element_type=\"column\">\n\t\t\t<div class=\"elementor-widget-wrap elementor-element-populated\">\n\t\t\t\t\t\t\t\t<div class=\"elementor-element elementor-element-bde5224 elementor-widget elementor-widget-text-editor\" data-id=\"bde5224\" data-element_type=\"widget\" data-widget_type=\"text-editor.default\">\n\t\t\t\t<div class=\"elementor-widget-container\">\n\t\t\t\t\t\t\t<p dir=\"ltr\">N\u00e9e \u00e0 Matane le 10 f\u00e9vrier 1982, Anick Fortin eut une enfance \u00e0 des ann\u00e9es-lumi\u00e8re de celle de l\u2019h\u00e9ro\u00efne de son premier roman. Apr\u00e8s des \u00e9tudes primaires et secondaires o\u00f9 elle excelle dans toutes les mati\u00e8res, Anick entreprit avec succ\u00e8s en 1999 un dipl\u00f4me d\u2019\u00e9tudes coll\u00e9giales en Sciences de la Nature au C\u00e9gep de Matane. En 2002, elle d\u00e9m\u00e9nagea \u00e0 Rimouski pour y compl\u00e9ter un Baccalaur\u00e9at de l\u2019Enseignement des Math\u00e9matiques \u00e0 l\u2019Universit\u00e9 du Qu\u00e9bec \u00e0 Rimouski (UQAR). D\u00e8s la fin de ses \u00e9tudes en 2005, elle retourna \u00e0 sa ville natale pour y enseigner les math\u00e9matiques au secondaire \u00e0 la Polyvalente de Matane, puis occupe un poste de conseill\u00e8re p\u00e9dagogique \u00e0 l&#8217;int\u00e9gration des technologies.<\/p><p dir=\"ltr\">\u00a0<\/p><p dir=\"ltr\">Au-del\u00e0 des sciences et des math\u00e9matiques, Anick Fortin est particuli\u00e8rement attir\u00e9e par la langue fran\u00e7aise, les mots, le r\u00e9cit et la fiction. En 2003, au c\u0153ur de ses \u00e9tudes universitaires, elle \u00e9crit LA BLASPH\u00c8ME, son premier roman. Le r\u00e9cit d\u2019une centaine de pages est corrosif \u00e0 souhait, berc\u00e9 d\u2019une sensibilit\u00e9 profonde malgr\u00e9 la distribution de coups de fouet. Victor-L\u00e9vy Beaulieu s\u2019y int\u00e9ressa imm\u00e9diatement et le publia d\u2019embl\u00e9e aux \u00c9ditions Trois-Pistoles. LA BLASPH\u00c8ME a su cr\u00e9er des remous que le ressac du fleuve ne pouvait emp\u00eacher. La nouvelle se r\u00e9pandit de bouche \u00e0 oreille et les copies du live se firent de plus en plus rares. Les critiques s\u2019anim\u00e8rent ; voil\u00e0 qu\u2019on d\u00e9teste ou on adore\u2026 tout simplement.<\/p><p dir=\"ltr\">\u00a0<\/p><p dir=\"ltr\">Port\u00e9e par la vague, Anick Fortin publia LES COLONS DE VILLAGE aux m\u00eames \u00e9ditions en 2005. L\u2019acidit\u00e9 des mots employ\u00e9s d\u00e9chire les pages de ce deuxi\u00e8me livre au m\u00eame titre que le premier. Le sang et les larmes s\u2019entrem\u00ealent et ne s\u2019ass\u00e8chent gu\u00e8re apr\u00e8s lecture de la derni\u00e8re page. LES COLONS DE VILLAGE porte \u00e0 r\u00e9fl\u00e9chir et suscite la r\u00e9flexion, ce que tenait absolument l\u2019auteur.<\/p><p dir=\"ltr\">\u00a0<\/p><p dir=\"ltr\">En 2008, Anick Fortin r\u00e9cidiva avec JOURNAL INTIME D\u2019UNE PUTE CONFORME. Apr\u00e8s la provocation par le langage, la jeune auteure privil\u00e9gia la po\u00e9sie pour se faire entendre. Un livre dur, que traverse l&#8217;\u00e9rotisme et la tendresse sous forme de petits po\u00e8mes admirablement cisel\u00e9s.<\/p><p>\u00a0<\/p><p dir=\"ltr\">Dans le cadre d&#8217;une ma\u00eetrise en cr\u00e9ation litt\u00e9raire \u00e0 l&#8217;Universit\u00e9 du Qu\u00e9bec \u00e0 Rimouski, accompagn\u00e9e par sa directrice de m\u00e9moire madame Christine Portelance, elle \u00e9crit LES T\u00caTES BRIS\u00c9ES, publi\u00e9 en 2013 aux \u00c9ditions Trois-Pistoles.<\/p><p>\u00a0<\/p><p dir=\"ltr\">En 2016, Anick Fortin travaille avec Pierre Labrie et Myl\u00e8ne Fortin sur un projet novateur en \u00e9criture collaborative num\u00e9rique o\u00f9 les \u00e9crivains se livrent \u00e0 une exp\u00e9rience d&#8217;\u00e9criture \u00e0 nu. Les Amplificateurs proposent aux lecteurs d&#8217;acc\u00e9der en temps r\u00e9el au cahier d&#8217;\u00e9criture de ces trois auteurs.\u00a0<\/p><p dir=\"ltr\">\u00a0<\/p><p dir=\"ltr\">Forte de ses exp\u00e9riences en enseignement avec des \u00e9l\u00e8ves en difficult\u00e9s d\u2019apprentissage, Anick Fortin jure que les histoires tordues qu\u2019elle invente ne sont pas si loin de la r\u00e9alit\u00e9. Il est fort \u00e0 parier que son quotidien lui inspirera d\u2019autres r\u00e9cits fabuleux&#8230;<\/p>\t\t\t\t\t\t<\/div>\n\t\t\t\t<\/div>\n\t\t\t\t\t<\/div>\n\t\t<\/div>\n\t\t\t\t\t\t\t<\/div>\n\t\t<\/section>\n\t\t\t\t\t\t<\/div>\n\t\t\t\t\t<\/div>\n\t\t","protected":false},"excerpt":{"rendered":"<p>Figer les mots dans le temps et dans les esprits Avant m\u00eame la premi\u00e8re ann\u00e9e du primaire, les mots rev\u00eataient une importance capitale pour l&#8217;\u00e9crivaine en devenir. Il fallait pouvoir \u00e9crire toutes ces id\u00e9es qui prenaient naissance dans son esprit puisque la m\u00e9moire \u00e0 elle seule ne suffisait pas \u00e0 figer les mots qui, autrement,&hellip;<\/p>\n","protected":false},"author":1,"featured_media":0,"parent":0,"menu_order":0,"comment_status":"closed","ping_status":"closed","template":"elementor_theme","meta":{"footnotes":""},"class_list":["post-51","page","type-page","status-publish","hentry"],"_links":{"self":[{"href":"https:\/\/anickfortin.com\/index.php?rest_route=\/wp\/v2\/pages\/51","targetHints":{"allow":["GET"]}}],"collection":[{"href":"https:\/\/anickfortin.com\/index.php?rest_route=\/wp\/v2\/pages"}],"about":[{"href":"https:\/\/anickfortin.com\/index.php?rest_route=\/wp\/v2\/types\/page"}],"author":[{"embeddable":true,"href":"https:\/\/anickfortin.com\/index.php?rest_route=\/wp\/v2\/users\/1"}],"replies":[{"embeddable":true,"href":"https:\/\/anickfortin.com\/index.php?rest_route=%2Fwp%2Fv2%2Fcomments&post=51"}],"version-history":[{"count":5,"href":"https:\/\/anickfortin.com\/index.php?rest_route=\/wp\/v2\/pages\/51\/revisions"}],"predecessor-version":[{"id":56,"href":"https:\/\/anickfortin.com\/index.php?rest_route=\/wp\/v2\/pages\/51\/revisions\/56"}],"wp:attachment":[{"href":"https:\/\/anickfortin.com\/index.php?rest_route=%2Fwp%2Fv2%2Fmedia&parent=51"}],"curies":[{"name":"wp","href":"https:\/\/api.w.org\/{rel}","templated":true}]}}