{"id":60,"date":"2022-02-02T10:37:50","date_gmt":"2022-02-02T14:37:50","guid":{"rendered":"https:\/\/anickfortin.com\/?page_id=60"},"modified":"2022-02-02T10:55:07","modified_gmt":"2022-02-02T14:55:07","slug":"publications","status":"publish","type":"page","link":"https:\/\/anickfortin.com\/?page_id=60","title":{"rendered":"Publications"},"content":{"rendered":"\t\t<div data-elementor-type=\"wp-page\" data-elementor-id=\"60\" class=\"elementor elementor-60\" data-elementor-settings=\"[]\">\n\t\t\t\t\t\t\t<div class=\"elementor-section-wrap\">\n\t\t\t\t\t\t\t<section class=\"elementor-section elementor-top-section elementor-element elementor-element-185b716 elementor-section-boxed elementor-section-height-default elementor-section-height-default\" data-id=\"185b716\" data-element_type=\"section\">\n\t\t\t\t\t\t<div class=\"elementor-container elementor-column-gap-default\">\n\t\t\t\t\t<div class=\"elementor-column elementor-col-100 elementor-top-column elementor-element elementor-element-881425d\" data-id=\"881425d\" data-element_type=\"column\">\n\t\t\t<div class=\"elementor-widget-wrap elementor-element-populated\">\n\t\t\t\t\t\t\t\t<div class=\"elementor-element elementor-element-d3982e8 elementor-widget elementor-widget-heading\" data-id=\"d3982e8\" data-element_type=\"widget\" data-widget_type=\"heading.default\">\n\t\t\t\t<div class=\"elementor-widget-container\">\n\t\t\t<h2 class=\"elementor-heading-title elementor-size-default\">Romans<\/h2>\t\t<\/div>\n\t\t\t\t<\/div>\n\t\t\t\t\t<\/div>\n\t\t<\/div>\n\t\t\t\t\t\t\t<\/div>\n\t\t<\/section>\n\t\t\t\t<section class=\"elementor-section elementor-top-section elementor-element elementor-element-d319971 elementor-section-boxed elementor-section-height-default elementor-section-height-default\" data-id=\"d319971\" data-element_type=\"section\">\n\t\t\t\t\t\t<div class=\"elementor-container elementor-column-gap-default\">\n\t\t\t\t\t<div class=\"elementor-column elementor-col-33 elementor-top-column elementor-element elementor-element-17ea702\" data-id=\"17ea702\" data-element_type=\"column\">\n\t\t\t<div class=\"elementor-widget-wrap elementor-element-populated\">\n\t\t\t\t\t\t\t\t<div class=\"elementor-element elementor-element-3ba5861 elementor-widget elementor-widget-image\" data-id=\"3ba5861\" data-element_type=\"widget\" data-widget_type=\"image.default\">\n\t\t\t\t<div class=\"elementor-widget-container\">\n\t\t\t\t\t\t\t\t\t\t\t\t\t\t\t<img loading=\"lazy\" decoding=\"async\" width=\"500\" height=\"500\" src=\"https:\/\/anickfortin.com\/wp-content\/uploads\/2022\/02\/Les_tetes_brisees-500x500-1.jpg\" class=\"attachment-large size-large\" alt=\"\" srcset=\"https:\/\/anickfortin.com\/wp-content\/uploads\/2022\/02\/Les_tetes_brisees-500x500-1.jpg 500w, https:\/\/anickfortin.com\/wp-content\/uploads\/2022\/02\/Les_tetes_brisees-500x500-1-300x300.jpg 300w, https:\/\/anickfortin.com\/wp-content\/uploads\/2022\/02\/Les_tetes_brisees-500x500-1-150x150.jpg 150w\" sizes=\"auto, (max-width: 500px) 100vw, 500px\" \/>\t\t\t\t\t\t\t\t\t\t\t\t\t\t\t<\/div>\n\t\t\t\t<\/div>\n\t\t\t\t\t<\/div>\n\t\t<\/div>\n\t\t\t\t<div class=\"elementor-column elementor-col-66 elementor-top-column elementor-element elementor-element-209da3c\" data-id=\"209da3c\" data-element_type=\"column\">\n\t\t\t<div class=\"elementor-widget-wrap elementor-element-populated\">\n\t\t\t\t\t\t\t\t<div class=\"elementor-element elementor-element-1d8d26f elementor-widget elementor-widget-heading\" data-id=\"1d8d26f\" data-element_type=\"widget\" data-widget_type=\"heading.default\">\n\t\t\t\t<div class=\"elementor-widget-container\">\n\t\t\t<h2 class=\"elementor-heading-title elementor-size-default\">Les t\u00eates bris\u00e9es<\/h2>\t\t<\/div>\n\t\t\t\t<\/div>\n\t\t\t\t<div class=\"elementor-element elementor-element-398c78b elementor-widget elementor-widget-text-editor\" data-id=\"398c78b\" data-element_type=\"widget\" data-widget_type=\"text-editor.default\">\n\t\t\t\t<div class=\"elementor-widget-container\">\n\t\t\t\t\t\t\t<p dir=\"ltr\">Julie accepte un emploi dans un Centre d\u2019animation pour personnes touch\u00e9es d\u2019une d\u00e9ficience intellectuelle. \u00ab Y\u2019a juste quand je travaille que ma vie s\u2019arrange avec la vie. \u00bb Mais il y a au Centre un Raymond. Raymond de Chandler. Qui d\u00e9chiquette du papier du matin au soir. Comme on d\u00e9chiquette des souvenirs ou du pr\u00e9sent trop accaparant. \u00ab \u2026pis l\u00e0, je lui ai dit, \u00e0 la mort, qu\u2019elle \u00e9tait mieux de pas venir me voir parce que j\u2019allais la passer dans ma machine. \u00bb<\/p>\n<p dir=\"ltr\">Raymond qui raconte aussi de dr\u00f4les d\u2019histoires. Puis\u00e9es \u00e0 un pass\u00e9 douteux. Ou \u00e0 un pr\u00e9sent aussi froid qu\u2019un crime d\u2019hiver.<\/p>\n<p dir=\"ltr\">Roman, 2015<\/p>\n<p dir=\"ltr\">978-2-89583-312-3, 24,95$, 159 p.<\/p>\n<p><a href=\"https:\/\/editionstrois-pistoles.com\/boutique\/fr\/les-tetes-brisees-p101\/?search=anick&amp;description=1\">Acheter ce livre<\/a> <\/p>\t\t\t\t\t\t<\/div>\n\t\t\t\t<\/div>\n\t\t\t\t\t<\/div>\n\t\t<\/div>\n\t\t\t\t\t\t\t<\/div>\n\t\t<\/section>\n\t\t\t\t<section class=\"elementor-section elementor-top-section elementor-element elementor-element-52fcdee elementor-section-boxed elementor-section-height-default elementor-section-height-default\" data-id=\"52fcdee\" data-element_type=\"section\">\n\t\t\t\t\t\t<div class=\"elementor-container elementor-column-gap-default\">\n\t\t\t\t\t<div class=\"elementor-column elementor-col-33 elementor-top-column elementor-element elementor-element-d1d33b3\" data-id=\"d1d33b3\" data-element_type=\"column\">\n\t\t\t<div class=\"elementor-widget-wrap elementor-element-populated\">\n\t\t\t\t\t\t\t\t<div class=\"elementor-element elementor-element-68e3098 elementor-widget elementor-widget-image\" data-id=\"68e3098\" data-element_type=\"widget\" data-widget_type=\"image.default\">\n\t\t\t\t<div class=\"elementor-widget-container\">\n\t\t\t\t\t\t\t\t\t\t\t\t\t\t\t<img loading=\"lazy\" decoding=\"async\" width=\"500\" height=\"500\" src=\"https:\/\/anickfortin.com\/wp-content\/uploads\/2022\/02\/Journal_intime_d_une_pute_conforme-500x500-1.jpg\" class=\"attachment-large size-large\" alt=\"\" srcset=\"https:\/\/anickfortin.com\/wp-content\/uploads\/2022\/02\/Journal_intime_d_une_pute_conforme-500x500-1.jpg 500w, https:\/\/anickfortin.com\/wp-content\/uploads\/2022\/02\/Journal_intime_d_une_pute_conforme-500x500-1-300x300.jpg 300w, https:\/\/anickfortin.com\/wp-content\/uploads\/2022\/02\/Journal_intime_d_une_pute_conforme-500x500-1-150x150.jpg 150w\" sizes=\"auto, (max-width: 500px) 100vw, 500px\" \/>\t\t\t\t\t\t\t\t\t\t\t\t\t\t\t<\/div>\n\t\t\t\t<\/div>\n\t\t\t\t\t<\/div>\n\t\t<\/div>\n\t\t\t\t<div class=\"elementor-column elementor-col-66 elementor-top-column elementor-element elementor-element-7c6729f\" data-id=\"7c6729f\" data-element_type=\"column\">\n\t\t\t<div class=\"elementor-widget-wrap elementor-element-populated\">\n\t\t\t\t\t\t\t\t<div class=\"elementor-element elementor-element-34c8e57 elementor-widget elementor-widget-heading\" data-id=\"34c8e57\" data-element_type=\"widget\" data-widget_type=\"heading.default\">\n\t\t\t\t<div class=\"elementor-widget-container\">\n\t\t\t<h2 class=\"elementor-heading-title elementor-size-default\">Journal intime d'une pute conforme<\/h2>\t\t<\/div>\n\t\t\t\t<\/div>\n\t\t\t\t<div class=\"elementor-element elementor-element-d160fa0 elementor-widget elementor-widget-text-editor\" data-id=\"d160fa0\" data-element_type=\"widget\" data-widget_type=\"text-editor.default\">\n\t\t\t\t<div class=\"elementor-widget-container\">\n\t\t\t\t\t\t\t<p dir=\"ltr\">Jeune enseignante de math\u00e9matiques dans une \u00e9cole de l&#8217;arri\u00e8re-pays, Laurie est amoureuse d&#8217;un gar\u00e7on de sa g\u00e9n\u00e9ration qui, comme beaucoup d&#8217;autres, se voit davantage en pr\u00e9dateur qu&#8217;en compagnon enamour\u00e9 : une fois sa proie s\u00e9duite, il s&#8217;en d\u00e9sint\u00e9resse, et d&#8217;autant plus facilement qu&#8217;il lui a fait un enfant. D&#8217;o\u00f9 le titre du roman: Pour l&#8217;homme jeune d&#8217;aujourd&#8217;hui, la femme n&#8217;est-elle qu&#8217;une pute conforme, c&#8217;est-\u00e0-dire un corps-objet dont on se d\u00e9barrasse une fois qu&#8217;on a obtenu ce qu&#8217;on voulait de lui ?<\/p><p dir=\"ltr\">Roman, 2008<\/p><p dir=\"ltr\">978-2-89583-188-4, 24.95$, 186 p.<\/p><p dir=\"ltr\"><a href=\"https:\/\/editionstrois-pistoles.com\/boutique\/fr\/journal-intime-d-une-pute-conforme-p119\/\">Acheter ce livre<\/a><\/p>\t\t\t\t\t\t<\/div>\n\t\t\t\t<\/div>\n\t\t\t\t\t<\/div>\n\t\t<\/div>\n\t\t\t\t\t\t\t<\/div>\n\t\t<\/section>\n\t\t\t\t<section class=\"elementor-section elementor-top-section elementor-element elementor-element-30bfa7a elementor-section-boxed elementor-section-height-default elementor-section-height-default\" data-id=\"30bfa7a\" data-element_type=\"section\">\n\t\t\t\t\t\t<div class=\"elementor-container elementor-column-gap-default\">\n\t\t\t\t\t<div class=\"elementor-column elementor-col-33 elementor-top-column elementor-element elementor-element-ba9cd2b\" data-id=\"ba9cd2b\" data-element_type=\"column\">\n\t\t\t<div class=\"elementor-widget-wrap elementor-element-populated\">\n\t\t\t\t\t\t\t\t<div class=\"elementor-element elementor-element-1dd9f70 elementor-widget elementor-widget-image\" data-id=\"1dd9f70\" data-element_type=\"widget\" data-widget_type=\"image.default\">\n\t\t\t\t<div class=\"elementor-widget-container\">\n\t\t\t\t\t\t\t\t\t\t\t\t\t\t\t<img loading=\"lazy\" decoding=\"async\" width=\"315\" height=\"512\" src=\"https:\/\/anickfortin.com\/wp-content\/uploads\/2022\/02\/colons-de-village.jpg\" class=\"attachment-large size-large\" alt=\"\" srcset=\"https:\/\/anickfortin.com\/wp-content\/uploads\/2022\/02\/colons-de-village.jpg 315w, https:\/\/anickfortin.com\/wp-content\/uploads\/2022\/02\/colons-de-village-185x300.jpg 185w\" sizes=\"auto, (max-width: 315px) 100vw, 315px\" \/>\t\t\t\t\t\t\t\t\t\t\t\t\t\t\t<\/div>\n\t\t\t\t<\/div>\n\t\t\t\t\t<\/div>\n\t\t<\/div>\n\t\t\t\t<div class=\"elementor-column elementor-col-66 elementor-top-column elementor-element elementor-element-21e7975\" data-id=\"21e7975\" data-element_type=\"column\">\n\t\t\t<div class=\"elementor-widget-wrap elementor-element-populated\">\n\t\t\t\t\t\t\t\t<div class=\"elementor-element elementor-element-a408f1a elementor-widget elementor-widget-heading\" data-id=\"a408f1a\" data-element_type=\"widget\" data-widget_type=\"heading.default\">\n\t\t\t\t<div class=\"elementor-widget-container\">\n\t\t\t<h2 class=\"elementor-heading-title elementor-size-default\">Les colons de village<\/h2>\t\t<\/div>\n\t\t\t\t<\/div>\n\t\t\t\t<div class=\"elementor-element elementor-element-118f7c4 elementor-widget elementor-widget-text-editor\" data-id=\"118f7c4\" data-element_type=\"widget\" data-widget_type=\"text-editor.default\">\n\t\t\t\t<div class=\"elementor-widget-container\">\n\t\t\t\t\t\t\t<p dir=\"ltr\">Dans une petite municipalit\u00e9 de l&#8217;arri\u00e8re-pays gasp\u00e9sien, un tueur de pigeons d\u00e9fraie la chronique locale, celle que tiennent deux lesbiennes, l&#8217;une forte de taille et de gueule, l&#8217;autre maigre comme un bretzel et toujours en train de renoter. Ce n&#8217;est pas la mati\u00e8re qui leur manque : des p\u00e8res alcooliques batteurs de femmes, des enfants rebelles et d\u00e9linquants, des \u00e9diles municipaux nuls et d\u00e9risoires, des bigotes et une prostitu\u00e9e. Tous sont reli\u00e9s les uns aux autres, mais pour quel destin? Dans une \u00e9criture qui se d\u00e9marque de celle de ses camarades \u00e9crivaines, Anick Fortin nous invite \u00e0 un \u00e9trange et fascinant voyage au bout de la nuit.\u00a0\u00a0\u00a0\u00a0\u00a0\u00a0\u00a0\u00a0\u00a0\u00a0\u00a0\u00a0\u00a0\u00a0\u00a0\u00a0\u00a0\u00a0\u00a0\u00a0\u00a0\u00a0\u00a0\u00a0\u00a0\u00a0\u00a0\u00a0\u00a0\u00a0\u00a0<\/p><p dir=\"ltr\">Roman, 2005<\/p><p dir=\"ltr\">ISBN 2-89583-11-4, 22.95$, 176 p.\u00a0<\/p><p dir=\"ltr\"><a href=\"https:\/\/www.leslibraires.ca\/livres\/colons-de-village-les-anick-fortin-9782895831112.html\">Acheter ce livre<\/a><\/p>\t\t\t\t\t\t<\/div>\n\t\t\t\t<\/div>\n\t\t\t\t\t<\/div>\n\t\t<\/div>\n\t\t\t\t\t\t\t<\/div>\n\t\t<\/section>\n\t\t\t\t<section class=\"elementor-section elementor-top-section elementor-element elementor-element-9c6be45 elementor-section-boxed elementor-section-height-default elementor-section-height-default\" data-id=\"9c6be45\" data-element_type=\"section\">\n\t\t\t\t\t\t<div class=\"elementor-container elementor-column-gap-default\">\n\t\t\t\t\t<div class=\"elementor-column elementor-col-33 elementor-top-column elementor-element elementor-element-86906d7\" data-id=\"86906d7\" data-element_type=\"column\">\n\t\t\t<div class=\"elementor-widget-wrap elementor-element-populated\">\n\t\t\t\t\t\t\t\t<div class=\"elementor-element elementor-element-b66e50d elementor-widget elementor-widget-image\" data-id=\"b66e50d\" data-element_type=\"widget\" data-widget_type=\"image.default\">\n\t\t\t\t<div class=\"elementor-widget-container\">\n\t\t\t\t\t\t\t\t\t\t\t\t\t\t\t<img loading=\"lazy\" decoding=\"async\" width=\"319\" height=\"512\" src=\"https:\/\/anickfortin.com\/wp-content\/uploads\/2022\/02\/blaspheme.jpg\" class=\"attachment-large size-large\" alt=\"\" srcset=\"https:\/\/anickfortin.com\/wp-content\/uploads\/2022\/02\/blaspheme.jpg 319w, https:\/\/anickfortin.com\/wp-content\/uploads\/2022\/02\/blaspheme-187x300.jpg 187w\" sizes=\"auto, (max-width: 319px) 100vw, 319px\" \/>\t\t\t\t\t\t\t\t\t\t\t\t\t\t\t<\/div>\n\t\t\t\t<\/div>\n\t\t\t\t\t<\/div>\n\t\t<\/div>\n\t\t\t\t<div class=\"elementor-column elementor-col-66 elementor-top-column elementor-element elementor-element-5f5d828\" data-id=\"5f5d828\" data-element_type=\"column\">\n\t\t\t<div class=\"elementor-widget-wrap elementor-element-populated\">\n\t\t\t\t\t\t\t\t<div class=\"elementor-element elementor-element-ab34b2c elementor-widget elementor-widget-heading\" data-id=\"ab34b2c\" data-element_type=\"widget\" data-widget_type=\"heading.default\">\n\t\t\t\t<div class=\"elementor-widget-container\">\n\t\t\t<h2 class=\"elementor-heading-title elementor-size-default\">La Blasph\u00e8me<\/h2>\t\t<\/div>\n\t\t\t\t<\/div>\n\t\t\t\t<div class=\"elementor-element elementor-element-6f99e9d elementor-widget elementor-widget-text-editor\" data-id=\"6f99e9d\" data-element_type=\"widget\" data-widget_type=\"text-editor.default\">\n\t\t\t\t<div class=\"elementor-widget-container\">\n\t\t\t\t\t\t\t<p dir=\"ltr\">\u00c9lev\u00e9e par une m\u00e8re qui court la galipote et qu&#8217;un cancer incurable afflige, la Blasph\u00e8me est une enfant qui vit dans un hiver de force que R\u00e9jean Ducharme ne renierait pas. Quand la m\u00e8re, n&#8217;en pouvant plus de souffrir, lui demandera de l&#8217;assassiner, l&#8217;Univers entier de la Blasph\u00e8me basculera dans une \u00e9norme temp\u00eate de mots et d&#8217;actes forcen\u00e9s dont la litt\u00e9rature qu\u00e9b\u00e9coise nous offre peu d&#8217;exemples.<\/p><p dir=\"ltr\">\u00c9puis\u00e9<\/p>\t\t\t\t\t\t<\/div>\n\t\t\t\t<\/div>\n\t\t\t\t\t<\/div>\n\t\t<\/div>\n\t\t\t\t\t\t\t<\/div>\n\t\t<\/section>\n\t\t\t\t<section class=\"elementor-section elementor-top-section elementor-element elementor-element-434ad7b elementor-section-boxed elementor-section-height-default elementor-section-height-default\" data-id=\"434ad7b\" data-element_type=\"section\">\n\t\t\t\t\t\t<div class=\"elementor-container elementor-column-gap-default\">\n\t\t\t\t\t<div class=\"elementor-column elementor-col-100 elementor-top-column elementor-element elementor-element-794acc5\" data-id=\"794acc5\" data-element_type=\"column\">\n\t\t\t<div class=\"elementor-widget-wrap elementor-element-populated\">\n\t\t\t\t\t\t\t\t<div class=\"elementor-element elementor-element-46cf300 elementor-widget elementor-widget-heading\" data-id=\"46cf300\" data-element_type=\"widget\" data-widget_type=\"heading.default\">\n\t\t\t\t<div class=\"elementor-widget-container\">\n\t\t\t<h2 class=\"elementor-heading-title elementor-size-default\">Autres publications<\/h2>\t\t<\/div>\n\t\t\t\t<\/div>\n\t\t\t\t\t<\/div>\n\t\t<\/div>\n\t\t\t\t\t\t\t<\/div>\n\t\t<\/section>\n\t\t\t\t<section class=\"elementor-section elementor-top-section elementor-element elementor-element-c553b7f elementor-section-boxed elementor-section-height-default elementor-section-height-default\" data-id=\"c553b7f\" data-element_type=\"section\">\n\t\t\t\t\t\t<div class=\"elementor-container elementor-column-gap-default\">\n\t\t\t\t\t<div class=\"elementor-column elementor-col-50 elementor-top-column elementor-element elementor-element-88143c1\" data-id=\"88143c1\" data-element_type=\"column\">\n\t\t\t<div class=\"elementor-widget-wrap elementor-element-populated\">\n\t\t\t\t\t\t\t\t<div class=\"elementor-element elementor-element-07cb6d3 elementor-widget elementor-widget-image\" data-id=\"07cb6d3\" data-element_type=\"widget\" data-widget_type=\"image.default\">\n\t\t\t\t<div class=\"elementor-widget-container\">\n\t\t\t\t\t\t\t\t\t\t\t\t\t\t\t<img decoding=\"async\" src=\"https:\/\/anickfortin.com\/wp-content\/uploads\/elementor\/thumbs\/pexels-lilartsy-3150547-pjxahd9acwrxttw12nmrht01jfj6ldu5brjcjhrb20.jpg\" title=\"pexels-lilartsy-3150547\" alt=\"pexels-lilartsy-3150547\" \/>\t\t\t\t\t\t\t\t\t\t\t\t\t\t\t<\/div>\n\t\t\t\t<\/div>\n\t\t\t\t<div class=\"elementor-element elementor-element-e91bd96 elementor-widget elementor-widget-text-editor\" data-id=\"e91bd96\" data-element_type=\"widget\" data-widget_type=\"text-editor.default\">\n\t\t\t\t<div class=\"elementor-widget-container\">\n\t\t\t\t\t\t\t<h6>Photo de\u00a0<strong><a href=\"https:\/\/www.pexels.com\/fr-fr\/@lilartsy?utm_content=attributionCopyText&amp;utm_medium=referral&amp;utm_source=pexels\">lilartsy<\/a><\/strong>\u00a0provenant de\u00a0<strong><a href=\"https:\/\/www.pexels.com\/fr-fr\/photo\/tasse-grise-sur-des-livres-empiles-3150547\/?utm_content=attributionCopyText&amp;utm_medium=referral&amp;utm_source=pexels\">Pexels<\/a><\/strong><\/h6>\t\t\t\t\t\t<\/div>\n\t\t\t\t<\/div>\n\t\t\t\t\t<\/div>\n\t\t<\/div>\n\t\t\t\t<div class=\"elementor-column elementor-col-50 elementor-top-column elementor-element elementor-element-60f9dc5\" data-id=\"60f9dc5\" data-element_type=\"column\">\n\t\t\t<div class=\"elementor-widget-wrap elementor-element-populated\">\n\t\t\t\t\t\t\t\t<div class=\"elementor-element elementor-element-fd5fec2 elementor-widget elementor-widget-text-editor\" data-id=\"fd5fec2\" data-element_type=\"widget\" data-widget_type=\"text-editor.default\">\n\t\t\t\t<div class=\"elementor-widget-container\">\n\t\t\t\t\t\t\t<p dir=\"ltr\">Prestation dans le spectacle litt\u00e9raire D\u00e9rives, Gasp\u00e9, Bonaventure et Sh\u00e9diac, Regroupement des \u00e9crivains de la Gasp\u00e9sie, 2010<\/p><p dir=\"ltr\">Les aventures de Th\u00e9r\u00e8se Laforest, Revue litt\u00e9raire ZINC, 2009<\/p><p dir=\"ltr\">Grande maison, cinq chambres, nouvelle, Journal Graffici, Gasp\u00e9, 2007<\/p><p dir=\"ltr\">L\u2019appartement de sang, nouvelle, Hebdomadaire ICI, Montr\u00e9al, 2006<\/p><p>1534, 132 Est (du bord du fleuve) ou Une histoire de Matane City, nouvelle, Journal culturel Graffici, Gasp\u00e9, 2006<\/p>\t\t\t\t\t\t<\/div>\n\t\t\t\t<\/div>\n\t\t\t\t\t<\/div>\n\t\t<\/div>\n\t\t\t\t\t\t\t<\/div>\n\t\t<\/section>\n\t\t\t\t\t\t<\/div>\n\t\t\t\t\t<\/div>\n\t\t","protected":false},"excerpt":{"rendered":"<p>Romans Les t\u00eates bris\u00e9es Julie accepte un emploi dans un Centre d\u2019animation pour personnes touch\u00e9es d\u2019une d\u00e9ficience intellectuelle. \u00ab Y\u2019a juste quand je travaille que ma vie s\u2019arrange avec la vie. \u00bb Mais il y a au Centre un Raymond. Raymond de Chandler. Qui d\u00e9chiquette du papier du matin au soir. Comme on d\u00e9chiquette des&hellip;<\/p>\n","protected":false},"author":1,"featured_media":0,"parent":0,"menu_order":0,"comment_status":"closed","ping_status":"closed","template":"","meta":{"footnotes":""},"class_list":["post-60","page","type-page","status-publish","hentry"],"_links":{"self":[{"href":"https:\/\/anickfortin.com\/index.php?rest_route=\/wp\/v2\/pages\/60","targetHints":{"allow":["GET"]}}],"collection":[{"href":"https:\/\/anickfortin.com\/index.php?rest_route=\/wp\/v2\/pages"}],"about":[{"href":"https:\/\/anickfortin.com\/index.php?rest_route=\/wp\/v2\/types\/page"}],"author":[{"embeddable":true,"href":"https:\/\/anickfortin.com\/index.php?rest_route=\/wp\/v2\/users\/1"}],"replies":[{"embeddable":true,"href":"https:\/\/anickfortin.com\/index.php?rest_route=%2Fwp%2Fv2%2Fcomments&post=60"}],"version-history":[{"count":11,"href":"https:\/\/anickfortin.com\/index.php?rest_route=\/wp\/v2\/pages\/60\/revisions"}],"predecessor-version":[{"id":82,"href":"https:\/\/anickfortin.com\/index.php?rest_route=\/wp\/v2\/pages\/60\/revisions\/82"}],"wp:attachment":[{"href":"https:\/\/anickfortin.com\/index.php?rest_route=%2Fwp%2Fv2%2Fmedia&parent=60"}],"curies":[{"name":"wp","href":"https:\/\/api.w.org\/{rel}","templated":true}]}}